{"id":8,"date":"2020-04-27T22:42:49","date_gmt":"2020-04-27T22:42:49","guid":{"rendered":"https:\/\/3dprinter.md\/?page_id=8"},"modified":"2022-06-30T13:33:37","modified_gmt":"2022-06-30T13:33:37","slug":"%d0%b3%d0%bb%d0%b0%d0%b2%d0%bd%d0%b0","status":"publish","type":"page","link":"https:\/\/3dprinter.md\/","title":{"rendered":"Home"},"content":{"rendered":"\t\t<div data-elementor-type=\"wp-page\" data-elementor-id=\"8\" class=\"elementor elementor-8\">\n\t\t\t\t\t\t<div class=\"elementor-inner\">\n\t\t\t\t<div class=\"elementor-section-wrap\">\n\t\t\t\t\t\t\t\t\t<section class=\"elementor-section elementor-top-section elementor-element elementor-element-326c300f elementor-section-boxed elementor-section-height-default elementor-section-height-default\" data-id=\"326c300f\" data-element_type=\"section\" data-settings=\"{&quot;background_background&quot;:&quot;slideshow&quot;,&quot;background_slideshow_gallery&quot;:[{&quot;id&quot;:220,&quot;url&quot;:&quot;https:\\\/\\\/3dprinter.md\\\/wp-content\\\/uploads\\\/2020\\\/05\\\/zmorph-multitool-3d-printer-NGg01QGp_cY-unsplash-scaled.jpg&quot;},{&quot;id&quot;:281,&quot;url&quot;:&quot;https:\\\/\\\/3dprinter.md\\\/wp-content\\\/uploads\\\/2020\\\/05\\\/3D-printing-1021x580-1.jpg&quot;}],&quot;background_slideshow_transition_duration&quot;:1000,&quot;background_slideshow_loop&quot;:&quot;yes&quot;,&quot;background_slideshow_slide_duration&quot;:5000,&quot;background_slideshow_slide_transition&quot;:&quot;fade&quot;}\">\n\t\t\t\t\t\t\t<div class=\"elementor-background-overlay\"><\/div>\n\t\t\t\t\t\t\t<div class=\"elementor-container elementor-column-gap-default\">\n\t\t\t\t\t\t\t<div class=\"elementor-row\">\n\t\t\t\t\t<div class=\"elementor-column elementor-col-100 elementor-top-column elementor-element elementor-element-414e27cf\" data-id=\"414e27cf\" data-element_type=\"column\">\n\t\t\t<div class=\"elementor-column-wrap elementor-element-populated\">\n\t\t\t\t\t\t\t<div class=\"elementor-widget-wrap\">\n\t\t\t\t\t\t<div class=\"elementor-element elementor-element-c08978a elementor-widget elementor-widget-heading\" data-id=\"c08978a\" data-element_type=\"widget\" data-widget_type=\"heading.default\">\n\t\t\t\t<div class=\"elementor-widget-container\">\n\t\t\t<h4 class=\"elementor-heading-title elementor-size-default\"><a href=\"https:\/\/3dprinting.md\/\">Site-ul a trecut pe 3dprinting.md<\/a><\/h4>\t\t<\/div>\n\t\t\t\t<\/div>\n\t\t\t\t<div class=\"elementor-element elementor-element-5cb7c2fc elementor-widget elementor-widget-spacer\" data-id=\"5cb7c2fc\" data-element_type=\"widget\" data-widget_type=\"spacer.default\">\n\t\t\t\t<div class=\"elementor-widget-container\">\n\t\t\t\t\t<div class=\"elementor-spacer\">\n\t\t\t<div class=\"elementor-spacer-inner\"><\/div>\n\t\t<\/div>\n\t\t\t\t<\/div>\n\t\t\t\t<\/div>\n\t\t\t\t<div class=\"elementor-element elementor-element-6d2bdee1 elementor-widget elementor-widget-heading\" data-id=\"6d2bdee1\" data-element_type=\"widget\" data-widget_type=\"heading.default\">\n\t\t\t\t<div class=\"elementor-widget-container\">\n\t\t\t<p class=\"elementor-heading-title elementor-size-large\">Imprimarea 3D permite crearea\nde structuri \u0219i p\u0103r\u021bi complexe,\ncare nu pot fi produse prin\nmetode conven\u021bionale de\nproduc\u021bie<\/p>\t\t<\/div>\n\t\t\t\t<\/div>\n\t\t\t\t<div class=\"elementor-element elementor-element-4cda569d elementor-widget elementor-widget-spacer\" data-id=\"4cda569d\" data-element_type=\"widget\" data-widget_type=\"spacer.default\">\n\t\t\t\t<div class=\"elementor-widget-container\">\n\t\t\t\t\t<div class=\"elementor-spacer\">\n\t\t\t<div class=\"elementor-spacer-inner\"><\/div>\n\t\t<\/div>\n\t\t\t\t<\/div>\n\t\t\t\t<\/div>\n\t\t\t\t<div class=\"elementor-element elementor-element-401d26cd elementor-align-center elementor-widget elementor-widget-button\" data-id=\"401d26cd\" data-element_type=\"widget\" data-widget_type=\"button.default\">\n\t\t\t\t<div class=\"elementor-widget-container\">\n\t\t\t\t\t<div class=\"elementor-button-wrapper\">\n\t\t\t<a href=\"https:\/\/3dprinter.md\/?page_id=198\" class=\"elementor-button-link elementor-button elementor-size-lg\" role=\"button\">\n\t\t\t\t\t\t<span class=\"elementor-button-content-wrapper\">\n\t\t\t\t\t\t<span class=\"elementor-button-text\">Contacte<\/span>\n\t\t<\/span>\n\t\t\t\t\t<\/a>\n\t\t<\/div>\n\t\t\t\t<\/div>\n\t\t\t\t<\/div>\n\t\t\t\t\t\t<\/div>\n\t\t\t\t\t<\/div>\n\t\t<\/div>\n\t\t\t\t\t\t\t\t<\/div>\n\t\t\t\t\t<\/div>\n\t\t<\/section>\n\t\t\t\t<section class=\"elementor-section elementor-top-section elementor-element elementor-element-7f2cc782 elementor-section-boxed elementor-section-height-default elementor-section-height-default\" data-id=\"7f2cc782\" data-element_type=\"section\">\n\t\t\t\t\t\t\t<div class=\"elementor-background-overlay\"><\/div>\n\t\t\t\t\t\t\t<div class=\"elementor-container elementor-column-gap-wider\">\n\t\t\t\t\t\t\t<div class=\"elementor-row\">\n\t\t\t\t\t<div class=\"elementor-column elementor-col-33 elementor-top-column elementor-element elementor-element-4f955c4\" data-id=\"4f955c4\" data-element_type=\"column\" data-settings=\"{&quot;animation&quot;:&quot;none&quot;}\">\n\t\t\t<div class=\"elementor-column-wrap elementor-element-populated\">\n\t\t\t\t\t\t\t<div class=\"elementor-widget-wrap\">\n\t\t\t\t\t\t<div class=\"elementor-element elementor-element-3f4bdf44 elementor-widget__width-initial elementor-position-top elementor-vertical-align-top elementor-widget elementor-widget-image-box\" data-id=\"3f4bdf44\" data-element_type=\"widget\" data-widget_type=\"image-box.default\">\n\t\t\t\t<div class=\"elementor-widget-container\">\n\t\t\t<div class=\"elementor-image-box-wrapper\"><figure class=\"elementor-image-box-img\"><a href=\"https:\/\/3dprinter.md\/?page_id=168\"><img decoding=\"async\" width=\"2560\" height=\"1707\" src=\"https:\/\/3dprinter.md\/wp-content\/uploads\/2020\/05\/zmorph-multitool-3d-printer-EFbGBLuyiK4-unsplash-scaled.jpg\" class=\"attachment-full size-full wp-image-224\" alt=\"\" loading=\"lazy\" srcset=\"https:\/\/3dprinter.md\/wp-content\/uploads\/2020\/05\/zmorph-multitool-3d-printer-EFbGBLuyiK4-unsplash-scaled.jpg 2560w, https:\/\/3dprinter.md\/wp-content\/uploads\/2020\/05\/zmorph-multitool-3d-printer-EFbGBLuyiK4-unsplash-300x200.jpg 300w, https:\/\/3dprinter.md\/wp-content\/uploads\/2020\/05\/zmorph-multitool-3d-printer-EFbGBLuyiK4-unsplash-1024x683.jpg 1024w, https:\/\/3dprinter.md\/wp-content\/uploads\/2020\/05\/zmorph-multitool-3d-printer-EFbGBLuyiK4-unsplash-768x512.jpg 768w, https:\/\/3dprinter.md\/wp-content\/uploads\/2020\/05\/zmorph-multitool-3d-printer-EFbGBLuyiK4-unsplash-1536x1024.jpg 1536w, https:\/\/3dprinter.md\/wp-content\/uploads\/2020\/05\/zmorph-multitool-3d-printer-EFbGBLuyiK4-unsplash-2048x1365.jpg 2048w\" sizes=\"(max-width: 2560px) 100vw, 2560px\" \/><\/a><\/figure><\/div>\t\t<\/div>\n\t\t\t\t<\/div>\n\t\t\t\t<div class=\"elementor-element elementor-element-430a405 elementor-button-info elementor-align-center elementor-widget elementor-widget-button\" data-id=\"430a405\" data-element_type=\"widget\" data-widget_type=\"button.default\">\n\t\t\t\t<div class=\"elementor-widget-container\">\n\t\t\t\t\t<div class=\"elementor-button-wrapper\">\n\t\t\t<a href=\"https:\/\/3dprinter.md\/?page_id=168\" class=\"elementor-button-link elementor-button elementor-size-md\" role=\"button\">\n\t\t\t\t\t\t<span class=\"elementor-button-content-wrapper\">\n\t\t\t\t\t\t<span class=\"elementor-button-text\">Imprimare FDM<\/span>\n\t\t<\/span>\n\t\t\t\t\t<\/a>\n\t\t<\/div>\n\t\t\t\t<\/div>\n\t\t\t\t<\/div>\n\t\t\t\t<div class=\"elementor-element elementor-element-f10afde elementor-widget elementor-widget-text-editor\" data-id=\"f10afde\" data-element_type=\"widget\" data-widget_type=\"text-editor.default\">\n\t\t\t\t<div class=\"elementor-widget-container\">\n\t\t\t\t\t\t\t\t<div class=\"elementor-text-editor elementor-clearfix\">\n\t\t\t\t<p>Principiul de baz\u0103:<br \/>Un filament de polimer \u00eenc\u0103lzit peste<br \/>punctul s\u0103u de topire este extrudat<br \/>printr-o duz\u0103 \u015fi depus pe o platform\u0103<br \/>Acest strat se solidific\u0103, mi\u015fcarea<br \/>duzei fiind coordonat\u0103 \u00een func\u0163ie de<br \/>geometria piesei la nivelul acelui<br \/>strat<\/p>\t\t\t\t\t<\/div>\n\t\t\t\t\t\t<\/div>\n\t\t\t\t<\/div>\n\t\t\t\t\t\t<\/div>\n\t\t\t\t\t<\/div>\n\t\t<\/div>\n\t\t\t\t<div class=\"elementor-column elementor-col-33 elementor-top-column elementor-element elementor-element-356ee3b1\" data-id=\"356ee3b1\" data-element_type=\"column\">\n\t\t\t<div class=\"elementor-column-wrap elementor-element-populated\">\n\t\t\t\t\t\t\t<div class=\"elementor-widget-wrap\">\n\t\t\t\t\t\t<div class=\"elementor-element elementor-element-71f72942 elementor-widget__width-initial elementor-position-top elementor-vertical-align-top elementor-widget elementor-widget-image-box\" data-id=\"71f72942\" data-element_type=\"widget\" data-widget_type=\"image-box.default\">\n\t\t\t\t<div class=\"elementor-widget-container\">\n\t\t\t<div class=\"elementor-image-box-wrapper\"><figure class=\"elementor-image-box-img\"><a href=\"https:\/\/3dprinter.md\/?page_id=190\"><img decoding=\"async\" width=\"768\" height=\"432\" src=\"https:\/\/3dprinter.md\/wp-content\/uploads\/2020\/05\/photon-s-1-768x432.jpg\" class=\"attachment-medium_large size-medium_large wp-image-222\" alt=\"\" loading=\"lazy\" srcset=\"https:\/\/3dprinter.md\/wp-content\/uploads\/2020\/05\/photon-s-1-768x432.jpg 768w, https:\/\/3dprinter.md\/wp-content\/uploads\/2020\/05\/photon-s-1-300x169.jpg 300w, https:\/\/3dprinter.md\/wp-content\/uploads\/2020\/05\/photon-s-1-1024x576.jpg 1024w, https:\/\/3dprinter.md\/wp-content\/uploads\/2020\/05\/photon-s-1-1536x864.jpg 1536w, https:\/\/3dprinter.md\/wp-content\/uploads\/2020\/05\/photon-s-1.jpg 1920w\" sizes=\"(max-width: 768px) 100vw, 768px\" \/><\/a><\/figure><\/div>\t\t<\/div>\n\t\t\t\t<\/div>\n\t\t\t\t<div class=\"elementor-element elementor-element-d14b534 elementor-button-info elementor-align-center elementor-widget elementor-widget-button\" data-id=\"d14b534\" data-element_type=\"widget\" data-widget_type=\"button.default\">\n\t\t\t\t<div class=\"elementor-widget-container\">\n\t\t\t\t\t<div class=\"elementor-button-wrapper\">\n\t\t\t<a href=\"https:\/\/3dprinter.md\/?page_id=190\" class=\"elementor-button-link elementor-button elementor-size-md\" role=\"button\">\n\t\t\t\t\t\t<span class=\"elementor-button-content-wrapper\">\n\t\t\t\t\t\t<span class=\"elementor-button-text\">Imprimare DLS\/SLA<\/span>\n\t\t<\/span>\n\t\t\t\t\t<\/a>\n\t\t<\/div>\n\t\t\t\t<\/div>\n\t\t\t\t<\/div>\n\t\t\t\t<div class=\"elementor-element elementor-element-2eae89e elementor-widget elementor-widget-text-editor\" data-id=\"2eae89e\" data-element_type=\"widget\" data-widget_type=\"text-editor.default\">\n\t\t\t\t<div class=\"elementor-widget-container\">\n\t\t\t\t\t\t\t\t<div class=\"elementor-text-editor elementor-clearfix\">\n\t\t\t\t<p>Platforma este ini\u0163ial pozi\u0163ionat\u0103 sub suprafa\u0163a liber\u0103 a polimerului fotosensibil. O raz\u0103 laser direc\u0163ionat\u0103 solidific\u0103 polimerul. C\u00e2nd stratul ini\u0163ial este solidificat, platforma coboar\u0103 \u015fi un nou strat este format \u00een mod similar. Procedura este repetat\u0103 p\u00e2n\u0103 c\u00e2nd piesa este finalizat\u0103<\/p>\t\t\t\t\t<\/div>\n\t\t\t\t\t\t<\/div>\n\t\t\t\t<\/div>\n\t\t\t\t\t\t<\/div>\n\t\t\t\t\t<\/div>\n\t\t<\/div>\n\t\t\t\t<div class=\"elementor-column elementor-col-33 elementor-top-column elementor-element elementor-element-3853538c\" data-id=\"3853538c\" data-element_type=\"column\">\n\t\t\t<div class=\"elementor-column-wrap elementor-element-populated\">\n\t\t\t\t\t\t\t<div class=\"elementor-widget-wrap\">\n\t\t\t\t\t\t<div class=\"elementor-element elementor-element-3bc8de4e elementor-position-top elementor-vertical-align-top elementor-widget elementor-widget-image-box\" data-id=\"3bc8de4e\" data-element_type=\"widget\" data-widget_type=\"image-box.default\">\n\t\t\t\t<div class=\"elementor-widget-container\">\n\t\t\t<div class=\"elementor-image-box-wrapper\"><figure class=\"elementor-image-box-img\"><a href=\"https:\/\/3dprinter.md\/?page_id=102\"><img decoding=\"async\" width=\"1000\" height=\"541\" src=\"https:\/\/3dprinter.md\/wp-content\/uploads\/2020\/04\/29614_3D-Filament-Range.png\" class=\"attachment-full size-full wp-image-97\" alt=\"\" loading=\"lazy\" srcset=\"https:\/\/3dprinter.md\/wp-content\/uploads\/2020\/04\/29614_3D-Filament-Range.png 1000w, https:\/\/3dprinter.md\/wp-content\/uploads\/2020\/04\/29614_3D-Filament-Range-300x162.png 300w, https:\/\/3dprinter.md\/wp-content\/uploads\/2020\/04\/29614_3D-Filament-Range-768x415.png 768w\" sizes=\"(max-width: 1000px) 100vw, 1000px\" \/><\/a><\/figure><\/div>\t\t<\/div>\n\t\t\t\t<\/div>\n\t\t\t\t<div class=\"elementor-element elementor-element-9f263a4 elementor-button-info elementor-align-center elementor-widget elementor-widget-button\" data-id=\"9f263a4\" data-element_type=\"widget\" data-widget_type=\"button.default\">\n\t\t\t\t<div class=\"elementor-widget-container\">\n\t\t\t\t\t<div class=\"elementor-button-wrapper\">\n\t\t\t<a href=\"https:\/\/3dprinter.md\/?page_id=102\" class=\"elementor-button-link elementor-button elementor-size-md\" role=\"button\">\n\t\t\t\t\t\t<span class=\"elementor-button-content-wrapper\">\n\t\t\t\t\t\t<span class=\"elementor-button-text\">Materiale folosite <\/span>\n\t\t<\/span>\n\t\t\t\t\t<\/a>\n\t\t<\/div>\n\t\t\t\t<\/div>\n\t\t\t\t<\/div>\n\t\t\t\t<div class=\"elementor-element elementor-element-a35cafc elementor-widget elementor-widget-text-editor\" data-id=\"a35cafc\" data-element_type=\"widget\" data-widget_type=\"text-editor.default\">\n\t\t\t\t<div class=\"elementor-widget-container\">\n\t\t\t\t\t\t\t\t<div class=\"elementor-text-editor elementor-clearfix\">\n\t\t\t\t<p>Aici g\u0103si\u021bi informa\u021bii despre materialele pe care le folosim\u200b<\/p>\t\t\t\t\t<\/div>\n\t\t\t\t\t\t<\/div>\n\t\t\t\t<\/div>\n\t\t\t\t\t\t<\/div>\n\t\t\t\t\t<\/div>\n\t\t<\/div>\n\t\t\t\t\t\t\t\t<\/div>\n\t\t\t\t\t<\/div>\n\t\t<\/section>\n\t\t\t\t<section class=\"elementor-section elementor-top-section elementor-element elementor-element-1e34a559 elementor-section-height-min-height elementor-section-content-middle elementor-section-boxed elementor-section-height-default elementor-section-items-middle\" data-id=\"1e34a559\" data-element_type=\"section\" data-settings=\"{&quot;background_background&quot;:&quot;classic&quot;}\">\n\t\t\t\t\t\t<div class=\"elementor-container elementor-column-gap-default\">\n\t\t\t\t\t\t\t<div class=\"elementor-row\">\n\t\t\t\t\t<div class=\"elementor-column elementor-col-50 elementor-top-column elementor-element elementor-element-47edf1d\" data-id=\"47edf1d\" data-element_type=\"column\">\n\t\t\t<div class=\"elementor-column-wrap elementor-element-populated\">\n\t\t\t\t\t\t\t<div class=\"elementor-widget-wrap\">\n\t\t\t\t\t\t<div class=\"elementor-element elementor-element-13997794 elementor-widget elementor-widget-heading\" data-id=\"13997794\" data-element_type=\"widget\" data-widget_type=\"heading.default\">\n\t\t\t\t<div class=\"elementor-widget-container\">\n\t\t\t<h4 class=\"elementor-heading-title elementor-size-large\">Po\u021bi afla mai multe informa\u021bii<\/h4>\t\t<\/div>\n\t\t\t\t<\/div>\n\t\t\t\t\t\t<\/div>\n\t\t\t\t\t<\/div>\n\t\t<\/div>\n\t\t\t\t<div class=\"elementor-column elementor-col-50 elementor-top-column elementor-element elementor-element-659a840d\" data-id=\"659a840d\" data-element_type=\"column\">\n\t\t\t<div class=\"elementor-column-wrap elementor-element-populated\">\n\t\t\t\t\t\t\t<div class=\"elementor-widget-wrap\">\n\t\t\t\t\t\t<div class=\"elementor-element elementor-element-18a97dee elementor-align-center elementor-widget elementor-widget-button\" data-id=\"18a97dee\" data-element_type=\"widget\" data-widget_type=\"button.default\">\n\t\t\t\t<div class=\"elementor-widget-container\">\n\t\t\t\t\t<div class=\"elementor-button-wrapper\">\n\t\t\t<a href=\"https:\/\/3dprinter.md\/?page_id=198\" class=\"elementor-button-link elementor-button elementor-size-lg\" role=\"button\">\n\t\t\t\t\t\t<span class=\"elementor-button-content-wrapper\">\n\t\t\t\t\t\t<span class=\"elementor-button-text\">Contacteaz\u0103-ne<\/span>\n\t\t<\/span>\n\t\t\t\t\t<\/a>\n\t\t<\/div>\n\t\t\t\t<\/div>\n\t\t\t\t<\/div>\n\t\t\t\t\t\t<\/div>\n\t\t\t\t\t<\/div>\n\t\t<\/div>\n\t\t\t\t\t\t\t\t<\/div>\n\t\t\t\t\t<\/div>\n\t\t<\/section>\n\t\t\t\t<section class=\"elementor-section elementor-top-section elementor-element elementor-element-45c61995 elementor-section-boxed elementor-section-height-default elementor-section-height-default\" data-id=\"45c61995\" data-element_type=\"section\">\n\t\t\t\t\t\t<div class=\"elementor-container elementor-column-gap-default\">\n\t\t\t\t\t\t\t<div class=\"elementor-row\">\n\t\t\t\t\t<div class=\"elementor-column elementor-col-100 elementor-top-column elementor-element elementor-element-29bc059a\" data-id=\"29bc059a\" data-element_type=\"column\">\n\t\t\t<div class=\"elementor-column-wrap\">\n\t\t\t\t\t\t\t<div class=\"elementor-widget-wrap\">\n\t\t\t\t\t\t\t\t<\/div>\n\t\t\t\t\t<\/div>\n\t\t<\/div>\n\t\t\t\t\t\t\t\t<\/div>\n\t\t\t\t\t<\/div>\n\t\t<\/section>\n\t\t\t\t\t\t\t\t\t<\/div>\n\t\t\t<\/div>\n\t\t\t\t\t<\/div>\n\t\t","protected":false},"excerpt":{"rendered":"<p>Site-ul a trecut pe 3dprinting.md Imprimarea 3D permite crearea de structuri \u0219i p\u0103r\u021bi complexe, care nu pot fi produse prin&hellip; <a class=\"read-more\" href=\"https:\/\/3dprinter.md\/\">\u0427\u0438\u0442\u0430\u0442\u044c \u0434\u0430\u043b\u0435\u0435 <span class=\"screen-reader-text\">Home<\/span><\/a><\/p>\n","protected":false},"author":1,"featured_media":0,"parent":0,"menu_order":0,"comment_status":"closed","ping_status":"closed","template":"elementor_canvas","meta":[],"_links":{"self":[{"href":"https:\/\/3dprinter.md\/index.php?rest_route=\/wp\/v2\/pages\/8"}],"collection":[{"href":"https:\/\/3dprinter.md\/index.php?rest_route=\/wp\/v2\/pages"}],"about":[{"href":"https:\/\/3dprinter.md\/index.php?rest_route=\/wp\/v2\/types\/page"}],"author":[{"embeddable":true,"href":"https:\/\/3dprinter.md\/index.php?rest_route=\/wp\/v2\/users\/1"}],"replies":[{"embeddable":true,"href":"https:\/\/3dprinter.md\/index.php?rest_route=%2Fwp%2Fv2%2Fcomments&post=8"}],"version-history":[{"count":117,"href":"https:\/\/3dprinter.md\/index.php?rest_route=\/wp\/v2\/pages\/8\/revisions"}],"predecessor-version":[{"id":504,"href":"https:\/\/3dprinter.md\/index.php?rest_route=\/wp\/v2\/pages\/8\/revisions\/504"}],"wp:attachment":[{"href":"https:\/\/3dprinter.md\/index.php?rest_route=%2Fwp%2Fv2%2Fmedia&parent=8"}],"curies":[{"name":"wp","href":"https:\/\/api.w.org\/{rel}","templated":true}]}}